{"id":44,"date":"2021-05-05T18:18:21","date_gmt":"2021-05-05T18:18:21","guid":{"rendered":"http:\/\/www.tagatesseturkiye.com\/index.php\/urunlerimiz\/"},"modified":"2021-07-05T09:29:51","modified_gmt":"2021-07-05T09:29:51","slug":"urunlerimiz","status":"publish","type":"page","link":"https:\/\/www.tagatesseturkiye.com\/index.php\/urunlerimiz\/","title":{"rendered":"\u00dcr\u00fcnlerimiz"},"content":{"rendered":"\n    \n    <section class=\"u-clearfix u-gradient u-section-2\" id=\"sec-3bb2\">\n      <div class=\"u-clearfix u-sheet u-sheet-1\"><\/div>\n    <\/section>\n    <section class=\"u-clearfix u-section-3\" id=\"sec-911d\">\n      <div class=\"u-expanded-width u-uploaded-video u-video u-video-1\">\n        <div class=\"embed-responsive\">\n          <video class=\"embed-responsive-item\" autoplay=\"autoplay\" playsinline=\"\">\n            <source src=\"https:\/\/www.tagatesseturkiye.com\/wp-content\/uploads\/2021\/05\/2045181401465589282.mp4\" type=\"video\/mp4\">\n            <p>Your browser does not support HTML5 video.<\/p>\n          <\/video>\n        <\/div>\n      <\/div>\n      <h1 class=\"u-custom-font u-font-oswald u-text u-text-body-alt-color u-text-1\">Herkes i\u00e7in hayat\u0131n tad\u0131<\/h1>\n      <h2 class=\"u-custom-font u-text u-text-white u-text-2\">TAGATESSE \u00dcR\u00dcNLER\u0130<\/h2>\n      <img src=\"https:\/\/www.tagatesseturkiye.com\/wp-content\/uploads\/2021\/05\/z2.png\" alt=\"\" class=\"u-image u-image-default u-image-1\" data-image-width=\"905\" data-image-height=\"355\">\n      <img src=\"https:\/\/www.tagatesseturkiye.com\/wp-content\/uploads\/2021\/05\/tagatoselogo.png\" alt=\"\" class=\"u-image u-image-default u-preserve-proportions u-image-2\" data-image-width=\"142\" data-image-height=\"116\">\n    <\/section>\n    <section class=\"u-clearfix u-gradient u-section-4\" id=\"carousel_bbdc\">\n      <div class=\"u-clearfix u-sheet u-sheet-1\"><\/div>\n    <\/section>\n    <section class=\"u-align-center u-border-2 u-border-custom-color-6 u-clearfix u-gradient u-section-5\" id=\"carousel_37b2\">\n      <div class=\"u-clearfix u-sheet u-sheet-1\">\n        <div class=\"u-list u-list-1\">\n          <div class=\"u-repeater u-repeater-1\">\n            <div class=\"u-border-2 u-border-grey-30 u-container-style u-list-item u-repeater-item u-video-cover u-white u-list-item-1\">\n              <div class=\"u-container-layout u-similar-container u-container-layout-1\">\n                <img alt=\"\" class=\"u-expanded-width-lg u-expanded-width-md u-expanded-width-sm u-expanded-width-xl u-image u-image-default u-image-1\" src=\"https:\/\/www.tagatesseturkiye.com\/wp-content\/uploads\/2021\/05\/t1-removebg-preview-1.png\" data-image-width=\"500\" data-image-height=\"500\">\n                <div class=\"u-align-center u-container-style u-custom-color-18 u-expanded-width-lg u-expanded-width-md u-expanded-width-xl u-group u-video-cover u-group-1\">\n                  <div class=\"u-container-layout u-valign-middle-xs u-container-layout-2\">\n                    <h4 class=\"u-custom-font u-font-roboto-condensed u-text u-text-1\">Tagatesse Dispenser<\/h4>\n                  <\/div>\n                <\/div>\n              <\/div>\n            <\/div>\n            <div class=\"u-align-center u-border-2 u-border-grey-30 u-container-style u-list-item u-repeater-item u-video-cover u-white u-list-item-2\">\n              <div class=\"u-container-layout u-similar-container u-container-layout-3\">\n                <img alt=\"\" class=\"u-expanded-width-lg u-expanded-width-md u-expanded-width-sm u-expanded-width-xl u-image u-image-default u-image-2\" src=\"https:\/\/www.tagatesseturkiye.com\/wp-content\/uploads\/2021\/05\/t4-removebg-preview-1.png\" data-image-width=\"500\" data-image-height=\"500\">\n                <div class=\"u-align-center u-container-style u-custom-color-18 u-expanded-width-lg u-expanded-width-md u-expanded-width-xl u-group u-video-cover u-group-2\">\n                  <div class=\"u-container-layout u-valign-middle-xs u-container-layout-4\">\n                    <h4 class=\"u-custom-font u-font-roboto-condensed u-text u-text-2\">Tagatesse Masa Dispenser<\/h4>\n                  <\/div>\n                <\/div>\n              <\/div>\n            <\/div>\n            <div class=\"u-border-2 u-border-grey-30 u-container-style u-list-item u-repeater-item u-white u-list-item-3\">\n              <div class=\"u-container-layout u-similar-container u-container-layout-5\">\n                <img alt=\"\" class=\"u-expanded-width-lg u-expanded-width-md u-expanded-width-sm u-expanded-width-xl u-image u-image-default u-image-3\" src=\"https:\/\/www.tagatesseturkiye.com\/wp-content\/uploads\/2021\/05\/t7-removebg-preview-1.png\" data-image-width=\"201\" data-image-height=\"251\">\n                <div class=\"u-align-center u-container-style u-custom-color-18 u-expanded-width-lg u-expanded-width-md u-expanded-width-sm u-expanded-width-xl u-group u-group-3\">\n                  <div class=\"u-container-layout u-valign-middle-xs u-container-layout-6\">\n                    <h4 class=\"u-custom-font u-font-roboto-condensed u-text u-text-3\">Tagatesse Dolum Kutusu<\/h4>\n                  <\/div>\n                <\/div>\n              <\/div>\n            <\/div>\n            <div class=\"u-border-2 u-border-grey-30 u-container-style u-list-item u-repeater-item u-white u-list-item-4\">\n              <div class=\"u-container-layout u-similar-container u-container-layout-7\">\n                <img alt=\"\" class=\"u-expanded-width-lg u-expanded-width-md u-expanded-width-sm u-expanded-width-xl u-image u-image-default u-image-4\" src=\"https:\/\/www.tagatesseturkiye.com\/wp-content\/uploads\/2021\/05\/WhatsApp_Image_2021-05-14_at_22.05.26__1_-removebg-preview.png\" data-image-width=\"500\" data-image-height=\"500\">\n                <div class=\"u-align-center u-container-style u-custom-color-18 u-expanded-width-lg u-expanded-width-md u-expanded-width-xl u-group u-group-4\">\n                  <div class=\"u-container-layout u-valign-middle-xs u-container-layout-8\">\n                    <h4 class=\"u-custom-font u-font-roboto-condensed u-text u-text-4\">Tagatesse K\u00fcpleri<\/h4>\n                  <\/div>\n                <\/div>\n              <\/div>\n            <\/div>\n            <div class=\"u-border-2 u-border-grey-30 u-container-style u-list-item u-repeater-item u-white u-list-item-5\">\n              <div class=\"u-container-layout u-similar-container u-container-layout-9\">\n                <img alt=\"\" class=\"u-expanded-width-lg u-expanded-width-md u-expanded-width-sm u-expanded-width-xl u-image u-image-default u-image-5\" src=\"https:\/\/www.tagatesseturkiye.com\/wp-content\/uploads\/2021\/05\/WhatsApp_Image_2021-05-14_at_22.05.24__1_-removebg-preview.png\" data-image-width=\"374\" data-image-height=\"667\">\n                <div class=\"u-align-center u-container-style u-custom-color-18 u-expanded-width-lg u-expanded-width-md u-expanded-width-xl u-group u-group-5\">\n                  <div class=\"u-container-layout u-valign-middle-xs u-container-layout-10\">\n                    <h4 class=\"u-custom-font u-font-roboto-condensed u-text u-text-5\">Tagatesse Gofret<\/h4>\n                  <\/div>\n                <\/div>\n              <\/div>\n            <\/div>\n          <\/div>\n        <\/div>\n      <\/div>\n    <\/section>\n    <section class=\"u-align-center u-border-2 u-border-custom-color-6 u-clearfix u-gradient u-section-6\" id=\"carousel_a87c\">\n      <div class=\"u-clearfix u-sheet u-sheet-1\">\n        <div class=\"u-list u-list-1\">\n          <div class=\"u-repeater u-repeater-1\">\n            <div class=\"u-border-2 u-border-grey-30 u-container-style u-list-item u-repeater-item u-video-cover u-white u-list-item-1\">\n              <div class=\"u-container-layout u-similar-container u-container-layout-1\">\n                <img alt=\"\" class=\"u-image u-image-default u-image-1\" src=\"https:\/\/www.tagatesseturkiye.com\/wp-content\/uploads\/2021\/05\/t6-removebg-preview.png\" data-image-width=\"500\" data-image-height=\"500\">\n                <div class=\"u-align-center u-container-style u-custom-color-18 u-expanded-width-lg u-expanded-width-md u-expanded-width-xl u-group u-video-cover u-group-1\">\n                  <div class=\"u-container-layout u-valign-middle-lg u-valign-middle-md u-valign-middle-sm u-valign-middle-xl u-container-layout-2\">\n                    <h4 class=\"u-custom-font u-font-roboto-condensed u-text u-text-1\">Tagatesse Sofra Tatland\u0131r\u0131c\u0131s\u0131<\/h4>\n                  <\/div>\n                <\/div>\n              <\/div>\n            <\/div>\n            <div class=\"u-align-center u-border-2 u-border-grey-30 u-container-style u-list-item u-repeater-item u-video-cover u-white u-list-item-2\">\n              <div class=\"u-container-layout u-similar-container u-container-layout-3\">\n                <img alt=\"\" class=\"u-image u-image-default u-image-2\" src=\"https:\/\/www.tagatesseturkiye.com\/wp-content\/uploads\/2021\/05\/t5-1.png\" data-image-width=\"500\" data-image-height=\"500\">\n                <div class=\"u-align-center u-container-style u-custom-color-18 u-expanded-width-lg u-expanded-width-md u-expanded-width-xl u-group u-video-cover u-group-2\">\n                  <div class=\"u-container-layout u-valign-middle-lg u-valign-middle-md u-valign-middle-sm u-valign-middle-xl u-container-layout-4\">\n                    <h4 class=\"u-custom-font u-font-roboto-condensed u-text u-text-2\">Tagatesse Petit Beurrre Dark<\/h4>\n                  <\/div>\n                <\/div>\n              <\/div>\n            <\/div>\n            <div class=\"u-border-2 u-border-grey-30 u-container-style u-list-item u-repeater-item u-white u-list-item-3\">\n              <div class=\"u-container-layout u-similar-container u-container-layout-5\">\n                <img alt=\"\" class=\"u-image u-image-default u-image-3\" src=\"https:\/\/www.tagatesseturkiye.com\/wp-content\/uploads\/2021\/05\/t3.png\" data-image-width=\"500\" data-image-height=\"500\">\n                <div class=\"u-align-center u-container-style u-custom-color-18 u-expanded-width-lg u-expanded-width-md u-expanded-width-sm u-expanded-width-xl u-group u-group-3\">\n                  <div class=\"u-container-layout u-valign-middle-lg u-valign-middle-md u-valign-middle-sm u-valign-middle-xl u-container-layout-6\">\n                    <h4 class=\"u-custom-font u-font-roboto-condensed u-text u-text-3\">Tagatesse Gluten Free Biscuit<\/h4>\n                  <\/div>\n                <\/div>\n              <\/div>\n            <\/div>\n            <div class=\"u-border-2 u-border-grey-30 u-container-style u-list-item u-repeater-item u-video-cover u-white u-list-item-4\">\n              <div class=\"u-container-layout u-similar-container u-container-layout-7\">\n                <img alt=\"\" class=\"u-image u-image-default u-image-4\" src=\"https:\/\/www.tagatesseturkiye.com\/wp-content\/uploads\/2021\/05\/WhatsApp_Image_2021-05-14_at_22.05.26__2_-removebg-preview.png\" data-image-width=\"509\" data-image-height=\"490\">\n                <div class=\"u-align-center u-container-style u-custom-color-18 u-expanded-width-lg u-expanded-width-md u-expanded-width-xl u-group u-video-cover u-group-4\">\n                  <div class=\"u-container-layout u-valign-middle-lg u-valign-middle-md u-valign-middle-sm u-valign-middle-xl u-container-layout-8\">\n                    <h4 class=\"u-custom-font u-font-roboto-condensed u-text u-text-4\">Tagatesse Kay\u0131s\u0131&nbsp;<\/h4>\n                  <\/div>\n                <\/div>\n              <\/div>\n            <\/div>\n            <div class=\"u-border-2 u-border-grey-30 u-container-style u-list-item u-repeater-item u-video-cover u-white u-list-item-5\">\n              <div class=\"u-container-layout u-similar-container u-container-layout-9\">\n                <img alt=\"\" class=\"u-image u-image-default u-image-5\" src=\"https:\/\/www.tagatesseturkiye.com\/wp-content\/uploads\/2021\/05\/WhatsApp_Image_2021-05-14_at_22.05.28__1_-removebg-preview.png\" data-image-width=\"509\" data-image-height=\"490\">\n                <div class=\"u-align-center u-container-style u-custom-color-18 u-expanded-width-lg u-expanded-width-md u-expanded-width-xl u-group u-video-cover u-group-5\">\n                  <div class=\"u-container-layout u-valign-middle-lg u-valign-middle-md u-valign-middle-sm u-valign-middle-xl u-container-layout-10\">\n                    <h4 class=\"u-custom-font u-font-roboto-condensed u-text u-text-5\">Tagatesse \u00c7ikolata<\/h4>\n                  <\/div>\n                <\/div>\n              <\/div>\n            <\/div>\n          <\/div>\n        <\/div>\n      <\/div>\n    <\/section>\n    <section class=\"u-align-center u-border-2 u-border-custom-color-6 u-clearfix u-gradient u-section-7\" id=\"carousel_3604\">\n      <div class=\"u-clearfix u-sheet u-valign-middle u-sheet-1\">\n        <div class=\"u-list u-list-1\">\n          <div class=\"u-repeater u-repeater-1\">\n            <div class=\"u-border-2 u-border-grey-30 u-container-style u-list-item u-repeater-item u-video-cover u-white u-list-item-1\">\n              <div class=\"u-container-layout u-similar-container u-container-layout-1\">\n                <img alt=\"\" class=\"u-expanded-width-lg u-expanded-width-md u-expanded-width-sm u-expanded-width-xl u-image u-image-default u-image-1\" src=\"https:\/\/www.tagatesseturkiye.com\/wp-content\/uploads\/2021\/05\/WhatsApp_Image_2021-05-14_at_21.55.31__2_-removebg-preview1.png\" data-image-width=\"500\" data-image-height=\"500\">\n                <div class=\"u-align-center u-container-style u-custom-color-18 u-expanded-width-lg u-expanded-width-md u-expanded-width-xl u-group u-video-cover u-group-1\">\n                  <div class=\"u-container-layout u-valign-middle-lg u-valign-middle-md u-valign-middle-sm u-valign-middle-xl u-container-layout-2\">\n                    <h4 class=\"u-custom-font u-font-roboto-condensed u-text u-text-1\">Tagatesse Table Sweetener<\/h4>\n                  <\/div>\n                <\/div>\n              <\/div>\n            <\/div>\n            <div class=\"u-align-center u-border-2 u-border-grey-30 u-container-style u-list-item u-repeater-item u-video-cover u-white u-list-item-2\">\n              <div class=\"u-container-layout u-similar-container u-container-layout-3\">\n                <img alt=\"\" class=\"u-expanded-width-lg u-expanded-width-md u-expanded-width-sm u-expanded-width-xl u-image u-image-default u-image-2\" src=\"https:\/\/www.tagatesseturkiye.com\/wp-content\/uploads\/2021\/05\/WhatsApp_Image_2021-05-14_at_22.05.27-removebg-preview.png\" data-image-width=\"329\" data-image-height=\"759\">\n                <div class=\"u-align-center u-container-style u-custom-color-18 u-expanded-width-lg u-expanded-width-md u-expanded-width-xl u-group u-video-cover u-group-2\">\n                  <div class=\"u-container-layout u-valign-middle-lg u-valign-middle-md u-valign-middle-sm u-valign-middle-xl u-container-layout-4\">\n                    <h4 class=\"u-custom-font u-font-roboto-condensed u-text u-text-2\">Tagatesse Ket\u00e7ap<\/h4>\n                  <\/div>\n                <\/div>\n              <\/div>\n            <\/div>\n            <div class=\"u-border-2 u-border-grey-30 u-container-style u-list-item u-repeater-item u-white u-list-item-3\">\n              <div class=\"u-container-layout u-similar-container u-container-layout-5\">\n                <img alt=\"\" class=\"u-expanded-width-lg u-expanded-width-md u-expanded-width-sm u-expanded-width-xl u-image u-image-default u-image-3\" src=\"https:\/\/www.tagatesseturkiye.com\/wp-content\/uploads\/2021\/05\/WhatsApp_Image_2021-05-14_at_22.05.28__2_-removebg-preview.png\" data-image-width=\"573\" data-image-height=\"436\">\n                <div class=\"u-align-center u-container-style u-custom-color-18 u-expanded-width-lg u-expanded-width-md u-expanded-width-xl u-group u-group-3\">\n                  <div class=\"u-container-layout u-valign-middle-lg u-valign-middle-md u-valign-middle-sm u-valign-middle-xl u-container-layout-6\">\n                    <h4 class=\"u-custom-font u-font-roboto-condensed u-text u-text-3\">Tagatesse Gluten Free Biscuit<\/h4>\n                  <\/div>\n                <\/div>\n              <\/div>\n            <\/div>\n            <div class=\"u-border-2 u-border-grey-30 u-container-style u-list-item u-repeater-item u-video-cover u-white u-list-item-4\">\n              <div class=\"u-container-layout u-similar-container u-container-layout-7\">\n                <img alt=\"\" class=\"u-expanded-width-lg u-expanded-width-md u-expanded-width-sm u-expanded-width-xl u-image u-image-default u-image-4\" src=\"https:\/\/www.tagatesseturkiye.com\/wp-content\/uploads\/2021\/05\/WhatsApp_Image_2021-05-14_at_22.05.28-removebg-preview.png\" data-image-width=\"509\" data-image-height=\"490\">\n                <div class=\"u-align-center u-container-style u-custom-color-18 u-expanded-width-lg u-expanded-width-md u-expanded-width-xl u-group u-video-cover u-group-4\">\n                  <div class=\"u-container-layout u-valign-middle-lg u-valign-middle-md u-valign-middle-sm u-valign-middle-xl u-container-layout-8\">\n                    <h4 class=\"u-custom-font u-font-roboto-condensed u-text u-text-4\">Tagatesse<br>&nbsp;\u00c7ilek\n                    <\/h4>\n                  <\/div>\n                <\/div>\n              <\/div>\n            <\/div>\n            <div class=\"u-border-2 u-border-grey-30 u-container-style u-list-item u-repeater-item u-video-cover u-white u-list-item-5\">\n              <div class=\"u-container-layout u-similar-container u-container-layout-9\">\n                <img alt=\"\" class=\"u-expanded-width-lg u-expanded-width-md u-expanded-width-sm u-expanded-width-xl u-image u-image-default u-image-5\" src=\"https:\/\/www.tagatesseturkiye.com\/wp-content\/uploads\/2021\/05\/WhatsApp_Image_2021-05-14_at_22.05.24__2_-removebg-preview.png\" data-image-width=\"594\" data-image-height=\"420\">\n                <div class=\"u-align-center u-container-style u-custom-color-18 u-expanded-width-lg u-expanded-width-md u-expanded-width-xl u-group u-video-cover u-group-5\">\n                  <div class=\"u-container-layout u-valign-middle-lg u-valign-middle-md u-valign-middle-sm u-valign-middle-xl u-container-layout-10\">\n                    <h4 class=\"u-custom-font u-font-roboto-condensed u-text u-text-5\">Tagatesse Petit Beurre<\/h4>\n                  <\/div>\n                <\/div>\n              <\/div>\n            <\/div>\n          <\/div>\n        <\/div>\n      <\/div>\n    <\/section>\n    \n    \n    \n    \n  \n","protected":false},"excerpt":{"rendered":"<p>Your browser does not support HTML5 video. Herkes i\u00e7in hayat\u0131n tad\u0131 TAGATESSE \u00dcR\u00dcNLER\u0130 Tagatesse Dispenser Tagatesse Masa Dispenser Tagatesse Dolum Kutusu Tagatesse K\u00fcpleri Tagatesse Gofret Tagatesse Sofra Tatland\u0131r\u0131c\u0131s\u0131 Tagatesse Petit Beurrre Dark Tagatesse Gluten Free Biscuit Tagatesse Kay\u0131s\u0131&nbsp; Tagatesse \u00c7ikolata Tagatesse Table Sweetener Tagatesse Ket\u00e7ap Tagatesse Gluten Free Biscuit Tagatesse&nbsp;\u00c7ilek Tagatesse Petit Beurre<\/p>\n","protected":false},"author":1,"featured_media":0,"parent":0,"menu_order":2,"comment_status":"closed","ping_status":"closed","template":"","meta":[],"_links":{"self":[{"href":"https:\/\/www.tagatesseturkiye.com\/index.php\/wp-json\/wp\/v2\/pages\/44"}],"collection":[{"href":"https:\/\/www.tagatesseturkiye.com\/index.php\/wp-json\/wp\/v2\/pages"}],"about":[{"href":"https:\/\/www.tagatesseturkiye.com\/index.php\/wp-json\/wp\/v2\/types\/page"}],"author":[{"embeddable":true,"href":"https:\/\/www.tagatesseturkiye.com\/index.php\/wp-json\/wp\/v2\/users\/1"}],"replies":[{"embeddable":true,"href":"https:\/\/www.tagatesseturkiye.com\/index.php\/wp-json\/wp\/v2\/comments?post=44"}],"version-history":[{"count":15,"href":"https:\/\/www.tagatesseturkiye.com\/index.php\/wp-json\/wp\/v2\/pages\/44\/revisions"}],"predecessor-version":[{"id":502,"href":"https:\/\/www.tagatesseturkiye.com\/index.php\/wp-json\/wp\/v2\/pages\/44\/revisions\/502"}],"wp:attachment":[{"href":"https:\/\/www.tagatesseturkiye.com\/index.php\/wp-json\/wp\/v2\/media?parent=44"}],"curies":[{"name":"wp","href":"https:\/\/api.w.org\/{rel}","templated":true}]}}